{"id":3591,"date":"2024-01-17T14:37:55","date_gmt":"2024-01-17T14:37:55","guid":{"rendered":"https:\/\/regerp.hu\/?page_id=3591"},"modified":"2024-01-17T15:31:59","modified_gmt":"2024-01-17T15:31:59","slug":"erp-rendszer-fejlesztes","status":"publish","type":"page","link":"https:\/\/regerp.hu\/?page_id=3591","title":{"rendered":"ERP rendszer fejleszt\u00e9s"},"content":{"rendered":"<p>A\u00a0<em><strong>REG-ERP<\/strong><\/em>\u00a0szoftver integr\u00e1lt rendszerk\u00e9nt l\u00e1tja el a szervezet<\/p>\n<ul>\n<li>iktat\u00e1si,<\/li>\n<li>dokumentumkezel\u00e9si<\/li>\n<li>feladatszervez\u00e9si,<\/li>\n<li>\u00fcgyviteli \u00e9s<\/li>\n<li>gy\u00e1rt\u00e1si<\/li>\n<\/ul>\n<p>feladatait.<\/p>\n<p>A szoftver alkalmaz\u00e1s\u00e1val teljesk\u00f6r\u0171en kiv\u00e1lthat\u00f3k a pap\u00edr alap\u00fa folyamatok, a szervezet valamennyi \u00fcgyviteli \u00e9s gy\u00e1rt\u00e1si dokumentum\u00e1t elektronikus form\u00e1tumban lehet t\u00e1rolni, kezelni.<\/p>\n<p>A szoftvert a legkorszer\u0171bb technol\u00f3gi\u00e1k ig\u00e9nybev\u00e9tel\u00e9vel fejlesztett\u00fck:<\/p>\n<ul>\n<li>Visual Studio<\/li>\n<li>DevExpress<\/li>\n<li>SQL Server<\/li>\n<\/ul>\n<p>Megjelen\u00e9s\u00e9ben, kezel\u00e9s\u00e9ben igazodik a jelenlegi \u00e9s a Windows trendekhez. Kezel\u00e9se \u2013 \u00e9ppen ez\u00e9rt \u2013 az MS Office-t vagy m\u00e1s hasonl\u00f3 rendszert ismer\u0151k sz\u00e1m\u00e1ra nagyon k\u00f6nnyen elsaj\u00e1t\u00edthat\u00f3.<\/p>\n<h2>Adatbiztons\u00e1g, teljes\u00edtm\u00e9ny<\/h2>\n<p>Az adatok t\u00e1rol\u00e1s\u00e1t, a Microsoft MS SQL adatb\u00e1zis szerver szoftvere biztos\u00edtja. Az adatb\u00e1zisba be\u00e1gyazott dokumentum tartalom garant\u00e1lja a magas szint\u0171 adatbiztons\u00e1got (a szoftver jogosults\u00e1gi rendszer\u00e9n k\u00edv\u00fcl az SQL Server jogosults\u00e1gi rendszere is v\u00e9di a tartalmakat.<\/p>\n<h2>Implement\u00e1lhat\u00f3 modulok<\/h2>\n<p>REG-ERP rendszer\u00fcnkh\u00f6z az eltelt id\u0151szakban sz\u00e1mos implement\u00e1lhat\u00f3 modult fejlesztett\u00fcnk. Ezeket a modulokat tudjuk bemutatni \u00e9rdekl\u0151d\u0151 megrendel\u0151inknek, egyeztetve vel\u00fck az \u0151 ig\u00e9nyeikhez sz\u00fcks\u00e9ges m\u00f3dos\u00edt\u00e1sokat.<\/p>\n<p>Ha ezek k\u00f6re meghat\u00e1roz\u00e1sra ker\u00fclt, elk\u00e9sz\u00edtj\u00fck az egyedi komponenst \u00e9s integr\u00e1ljuk rendszer\u00fcnkbe.<\/p>\n<p>Ennek a megold\u00e1snak sz\u00e1mos el\u0151nye van:<\/p>\n<ul>\n<li>nincsenek kommunik\u00e1ci\u00f3s probl\u00e9m\u00e1k a m\u00e1s-m\u00e1s c\u00e9gek \u00e1ltal fejlesztett r\u00e9sz rendszerek k\u00f6z\u00f6tt,<\/li>\n<li>nincsenek az interf\u00e9sz modulok kialak\u00edt\u00e1sra ford\u00edtand\u00f3 plusz k\u00f6lts\u00e9gek,<\/li>\n<li>minden adat egyszer ker\u00fcl a rendszerbe, \u00e9s a megfelel\u0151 modulban, a megfelel\u0151 form\u00e1ban el\u00e9rhet\u0151,<\/li>\n<li>egys\u00e9ges fel\u00fclet,<\/li>\n<li>egys\u00e9ges jogosults\u00e1gi rendszer,<\/li>\n<li>egy telefonsz\u00e1m \u2013 a t\u00e1mogat\u00e1si feladatokat a teljes rendszerre ell\u00e1tjuk, nincsenek felel\u0151ss\u00e9g megoszt\u00e1si, kompetencia megoszt\u00e1si vit\u00e1k a fejleszt\u0151 c\u00e9gek k\u00f6z\u00f6tt,<\/li>\n<li>teljes k\u00f6r\u0171 szolg\u00e1ltat\u00e1s ny\u00fajt\u00e1sa \u2013 nem kell a fejleszt\u0151c\u00e9gek k\u00f6z\u00f6tti egyeztet\u00e9sekre id\u0151t \u00e9s p\u00e9nzt ford\u00edtani, az ig\u00e9nyelt v\u00e1ltoztat\u00e1s a teljes rendszeren kereszt\u00fcl hat\u00e9konyan, gyorsan \u00e1tvezethet\u0151,<\/li>\n<li>b\u00e1rmilyen egyedi fejleszt\u00e9s vagy tov\u00e1bbfejleszt\u00e9s megrendelhet\u0151.<\/li>\n<\/ul>\n<h3>Integr\u00e1lhat\u00f3 moduljaink<\/h3>\n<ul>\n<li>HR modul<\/li>\n<li>Szabads\u00e1g ig\u00e9nyl\u0151 \u00e9s j\u00f3v\u00e1hagy\u00f3 modul + WEBES applik\u00e1ci\u00f3<\/li>\n<li>CRM modul<\/li>\n<li>Er\u0151forr\u00e1s \u00fctemez\u00e9s<\/li>\n<li>G\u00e9pj\u00e1rm\u0171 modul<\/li>\n<li>Eszk\u00f6z nyilv\u00e1ntart\u00e1s \u00e9s rakt\u00e1roz\u00e1s<\/li>\n<li>Anyagnyilv\u00e1ntart\u00e1s \u00e9s rakt\u00e1roz\u00e1s<\/li>\n<li>Sz\u00e1mlakezel\u00e9s \u2013 teljes\u00edt\u00e9sigazol\u00e1s \u00e9s kifizet\u00e9s enged\u00e9lyez\u00e9s<\/li>\n<li>Sz\u00e1ml\u00e1z\u00e1s<\/li>\n<li>Timesheet modul<\/li>\n<li>Worflow modul<\/li>\n<li>Outlook add-in modul<\/li>\n<li>Napt\u00e1r modul<\/li>\n<li>Dokumentumok j\u00f3v\u00e1hagy\u00e1sa \u00e9s tudom\u00e1sulv\u00e9tele, publik\u00e1l\u00e1sa \u2013 gy\u00e1rt\u00e1si utas\u00edt\u00e1sok stb.<\/li>\n<li>Reklam\u00e1ci\u00f3kezel\u00e9s<\/li>\n<li>Int\u00e9zked\u00e9si terv \u2013 int\u00e9zked\u00e9s modul<\/li>\n<\/ul>\n<p>Mindezeken t\u00fal egyedi modulok kifejleszt\u00e9s\u00e9vel is seg\u00edtj\u00fck megrendel\u0151ink munk\u00e1j\u00e1t.<\/p>\n<h2><\/h2>\n","protected":false},"excerpt":{"rendered":"<p>A\u00a0REG-ERP\u00a0szoftver integr\u00e1lt rendszerk\u00e9nt l\u00e1tja el a szervezet iktat\u00e1si, dokumentumkezel\u00e9si feladatszervez\u00e9si, \u00fcgyviteli \u00e9s gy\u00e1rt\u00e1si feladatait. A szoftver alkalmaz\u00e1s\u00e1val teljesk\u00f6r\u0171en kiv\u00e1lthat\u00f3k a pap\u00edr alap\u00fa folyamatok, a szervezet valamennyi \u00fcgyviteli \u00e9s gy\u00e1rt\u00e1si dokumentum\u00e1t elektronikus form\u00e1tumban lehet t\u00e1rolni, kezelni. A szoftvert a legkorszer\u0171bb technol\u00f3gi\u00e1k ig\u00e9nybev\u00e9tel\u00e9vel fejlesztett\u00fck: Visual Studio DevExpress SQL Server Megjelen\u00e9s\u00e9ben, kezel\u00e9s\u00e9ben igazodik a jelenlegi \u00e9s a Windows trendekhez. Kezel\u00e9se \u2013 \u00e9ppen ez\u00e9rt \u2013 az MS Office-t vagy m\u00e1s hasonl\u00f3 rendszert ismer\u0151k sz\u00e1m\u00e1ra nagyon k\u00f6nnyen elsaj\u00e1t\u00edthat\u00f3. Adatbiztons\u00e1g, teljes\u00edtm\u00e9ny Az adatok t\u00e1rol\u00e1s\u00e1t, a Microsoft&hellip;<\/p>\n","protected":false},"author":1,"featured_media":3615,"parent":0,"menu_order":0,"comment_status":"closed","ping_status":"closed","template":"","meta":{"footnotes":""},"class_list":["post-3591","page","type-page","status-publish","has-post-thumbnail","hentry","post-has-thumbnail"],"_links":{"self":[{"href":"https:\/\/regerp.hu\/index.php?rest_route=\/wp\/v2\/pages\/3591","targetHints":{"allow":["GET"]}}],"collection":[{"href":"https:\/\/regerp.hu\/index.php?rest_route=\/wp\/v2\/pages"}],"about":[{"href":"https:\/\/regerp.hu\/index.php?rest_route=\/wp\/v2\/types\/page"}],"author":[{"embeddable":true,"href":"https:\/\/regerp.hu\/index.php?rest_route=\/wp\/v2\/users\/1"}],"replies":[{"embeddable":true,"href":"https:\/\/regerp.hu\/index.php?rest_route=%2Fwp%2Fv2%2Fcomments&post=3591"}],"version-history":[{"count":1,"href":"https:\/\/regerp.hu\/index.php?rest_route=\/wp\/v2\/pages\/3591\/revisions"}],"predecessor-version":[{"id":3592,"href":"https:\/\/regerp.hu\/index.php?rest_route=\/wp\/v2\/pages\/3591\/revisions\/3592"}],"wp:featuredmedia":[{"embeddable":true,"href":"https:\/\/regerp.hu\/index.php?rest_route=\/wp\/v2\/media\/3615"}],"wp:attachment":[{"href":"https:\/\/regerp.hu\/index.php?rest_route=%2Fwp%2Fv2%2Fmedia&parent=3591"}],"curies":[{"name":"wp","href":"https:\/\/api.w.org\/{rel}","templated":true}]}}