{"id":3588,"date":"2024-01-17T14:32:40","date_gmt":"2024-01-17T14:32:40","guid":{"rendered":"https:\/\/regerp.hu\/?page_id=3588"},"modified":"2024-01-17T15:29:14","modified_gmt":"2024-01-17T15:29:14","slug":"30-ev-tapasztalat","status":"publish","type":"page","link":"https:\/\/regerp.hu\/?page_id=3588","title":{"rendered":"30 \u00e9v tapasztalat"},"content":{"rendered":"<p>A Regatta Project Kft. t\u00f6bb, mint harminc \u00e9ve t\u00e1mogatja partnereinek munk\u00e1j\u00e1t egyedi eszk\u00f6z\u00f6kkel \u00e9s szoftverekkel.<\/p>\n<p>A c\u00e9g tulajdonosa, vezet\u0151je \u2013 Gazs\u00f3 Zolt\u00e1n \u2013 1986-ban kezdte meg a szem\u00e9lyi sz\u00e1m\u00edt\u00f3g\u00e9pek kezel\u00e9s\u00e9nek, programoz\u00e1s\u00e1nak oktat\u00e1s\u00e1t a BME MTI-ben. Az eltelt t\u00f6bb, mint harminc \u00e9v alatt egy\u00e9nileg, \u00e9s c\u00e9geivel is sz\u00e1mos szoftver fejlesztett, k\u00f6zt\u00fck teljes v\u00e1llalatir\u00e1ny\u00edt\u00e1si, kereskedelmi, \u00fcgyviteli rendszereket.<\/p>\n<p><img loading=\"lazy\" decoding=\"async\" class=\"alignleft size-medium wp-image-3708\" src=\"https:\/\/regmes.hu\/wp-content\/uploads\/2024\/01\/close-up-digital-tablet-with-bar-graphs-300x200.jpg\" alt=\"\" width=\"300\" height=\"200\" \/>Ezen rendszerek mellett megtal\u00e1lhat\u00f3ak a portf\u00f3li\u00f3ban az egyedi eszk\u00f6zvez\u00e9rl\u0151, m\u00e9r\u00e9sadatgy\u0171jt\u0151 szoftverek, a PDA-kon illetve mobiltelefonokon fut\u00f3 applik\u00e1ci\u00f3k \u00e9pp\u00fagy, mint a webes fejleszt\u00e9sek: az egyedi site-okt\u00f3l kezdve, a rendszerekbe integr\u00e1lt webes megold\u00e1sokon \u00e1t a teljes biztos\u00edt\u00e1si port\u00e1lig.<\/p>\n<p>Az ipar ter\u00fclet\u00e9n a habszivacs elemek gy\u00e1rt\u00e1s\u00e1t\u00f3l kezdve a betonac\u00e9l elemek gy\u00e1rt\u00e1s\u00e1ig terjed a tapasztalat, melyek eredm\u00e9nye a c\u00e9lter\u00fcleteket t\u00e1mogat\u00f3 komplett ERP rendszerek kifejleszt\u00e9se. De emellett gy\u00f3gyszeripari, k\u00eds\u00e9rleti, kereskedelmi rendszereket, egyedi dokumentumkezel\u0151 megold\u00e1sokat is fejlesztett a Regatta Project Kft.<\/p>\n<p>Ipari gy\u00e1rt\u00f3 partner\u00fcnkkel b\u0151 huszon\u00f6t \u00e9ve m\u0171k\u00f6d\u00fcnk egy\u00fctt, a milli\u00e1rdos nagys\u00e1grend\u0171 c\u00e9g teljes ERP \u00e9s MES rendszer\u00e9t mi fejlesztett\u00fck, fejlesztj\u00fck, napi szint\u0171 egy\u00fcttm\u0171k\u00f6d\u00e9ssel. Az ott fut\u00f3 rendszer t\u00f6bb, mint 500 ablakkal, 12 v\u00e9konykliens modullal rendelkezik, ipari PDA-kkal, tabletekkel, speci\u00e1lis egys\u00e9gekkel m\u0171k\u00f6dik egy\u00fctt.<\/p>\n<p>Rendszerink magja saj\u00e1t keretrendszer\u00fcnk, melynek NT szint\u0171 jogosults\u00e1gkezel\u0151, MS SQL adatkezel\u0151 komponensei k\u00e9pezik az \u00faj fejleszt\u00e9sek alapjait.<\/p>\n<p>Keressen benn\u00fcnket bizalommal, hogy v\u00e1laszolhassunk k\u00e9rd\u00e9seire \u00e9s megold\u00e1st ny\u00fajthassunk feladataira!<\/p>\n","protected":false},"excerpt":{"rendered":"<p>A Regatta Project Kft. t\u00f6bb, mint harminc \u00e9ve t\u00e1mogatja partnereinek munk\u00e1j\u00e1t egyedi eszk\u00f6z\u00f6kkel \u00e9s szoftverekkel. A c\u00e9g tulajdonosa, vezet\u0151je \u2013 Gazs\u00f3 Zolt\u00e1n \u2013 1986-ban kezdte meg a szem\u00e9lyi sz\u00e1m\u00edt\u00f3g\u00e9pek kezel\u00e9s\u00e9nek, programoz\u00e1s\u00e1nak oktat\u00e1s\u00e1t a BME MTI-ben. Az eltelt t\u00f6bb, mint harminc \u00e9v alatt egy\u00e9nileg, \u00e9s c\u00e9geivel is sz\u00e1mos szoftver fejlesztett, k\u00f6zt\u00fck teljes v\u00e1llalatir\u00e1ny\u00edt\u00e1si, kereskedelmi, \u00fcgyviteli rendszereket. Ezen rendszerek mellett megtal\u00e1lhat\u00f3ak a portf\u00f3li\u00f3ban az egyedi eszk\u00f6zvez\u00e9rl\u0151, m\u00e9r\u00e9sadatgy\u0171jt\u0151 szoftverek, a PDA-kon illetve mobiltelefonokon fut\u00f3 applik\u00e1ci\u00f3k \u00e9pp\u00fagy, mint a webes fejleszt\u00e9sek: az egyedi site-okt\u00f3l&hellip;<\/p>\n","protected":false},"author":1,"featured_media":3615,"parent":0,"menu_order":0,"comment_status":"closed","ping_status":"closed","template":"","meta":{"footnotes":""},"class_list":["post-3588","page","type-page","status-publish","has-post-thumbnail","hentry","post-has-thumbnail"],"_links":{"self":[{"href":"https:\/\/regerp.hu\/index.php?rest_route=\/wp\/v2\/pages\/3588","targetHints":{"allow":["GET"]}}],"collection":[{"href":"https:\/\/regerp.hu\/index.php?rest_route=\/wp\/v2\/pages"}],"about":[{"href":"https:\/\/regerp.hu\/index.php?rest_route=\/wp\/v2\/types\/page"}],"author":[{"embeddable":true,"href":"https:\/\/regerp.hu\/index.php?rest_route=\/wp\/v2\/users\/1"}],"replies":[{"embeddable":true,"href":"https:\/\/regerp.hu\/index.php?rest_route=%2Fwp%2Fv2%2Fcomments&post=3588"}],"version-history":[{"count":1,"href":"https:\/\/regerp.hu\/index.php?rest_route=\/wp\/v2\/pages\/3588\/revisions"}],"predecessor-version":[{"id":3589,"href":"https:\/\/regerp.hu\/index.php?rest_route=\/wp\/v2\/pages\/3588\/revisions\/3589"}],"wp:featuredmedia":[{"embeddable":true,"href":"https:\/\/regerp.hu\/index.php?rest_route=\/wp\/v2\/media\/3615"}],"wp:attachment":[{"href":"https:\/\/regerp.hu\/index.php?rest_route=%2Fwp%2Fv2%2Fmedia&parent=3588"}],"curies":[{"name":"wp","href":"https:\/\/api.w.org\/{rel}","templated":true}]}}