{"id":3585,"date":"2024-01-17T14:24:40","date_gmt":"2024-01-17T14:24:40","guid":{"rendered":"https:\/\/regerp.hu\/?page_id=3585"},"modified":"2024-01-17T15:30:30","modified_gmt":"2024-01-17T15:30:30","slug":"mes-rendszer-fejlesztes","status":"publish","type":"page","link":"https:\/\/regerp.hu\/?page_id=3585","title":{"rendered":"MES rendszer fejleszt\u00e9s"},"content":{"rendered":"<p>Gy\u00e1rt\u00f3sori MES rendszer\u00fcnk a gy\u00e1rt\u00e1si dokument\u00e1ci\u00f3 kezel\u00e9s\u00e9t\u0151l kezdve a termel\u00e9si rendel\u00e9sek kezel\u00e9s\u00e9n \u00e1t, a teljes gy\u00e1rt\u00e1si folyamat menedzsel\u00e9s\u00e9t elv\u00e9gzi.<\/p>\n<p>A munkautas\u00edt\u00e1sok alapj\u00e1n, figyelembe v\u00e9ve a val\u00f3s \u00e9s az elm\u00e9leti takt-time-okat, kalkul\u00e1lja a folyamat id\u0151beni el\u0151rehalad\u00e1s\u00e1t \u00e9s \u00f6sszeveti a tervezettel.<\/p>\n<p>Az adatokat vizu\u00e1lisan megjelen\u00edti a sorok v\u00e9g\u00e9n tal\u00e1lhat\u00f3 nagym\u00e9ret\u0171 monitorokon \u00e9s aa vezet\u0151i inform\u00e1ci\u00f3s rendszerben.<\/p>\n<p>A sorvezet\u0151 real-time \u00e9rtes\u00fcl az esetleges hibajelent\u00e9sekr\u0151l, fennakad\u00e1sokr\u00f3l, mleyet saj\u00e1t eszk\u00f6z\u00f6n kezelni is tud.<\/p>\n<p>Minden munka\u00e1llom\u00e1son egy-egy \u00e9rint\u0151k\u00e9perny\u0151s konzol mutatja meg a gy\u00e1rt\u00e1si utas\u00edt\u00e1st \u00e9s teszi lehet\u0151v\u00e9 a k\u00e9szrejelent\u00e9st, vagy hibajelent\u00e9st. A soron mozg\u00f3 jigeket RFID-vel azonos\u00edtjuk, a term\u00e9keket vonalk\u00f3dos c\u00edmk\u00e9vel l\u00e1tjuk el. Vez\u00e9relj\u00fck a m\u00e9r\u0151 \u00e9s vizsg\u00e1l\u00f3 berendez\u00e9seket, elk\u00e9sz\u00edtj\u00fck a min\u0151s\u00e9gi tan\u00fas\u00edtv\u00e1nyt.<\/p>\n<p>A teljes rendszert saj\u00e1t hardvereink vez\u00e9rlik.<\/p>\n<p>REG-MES rendszer\u00fcnk f\u0151bb funkci\u00f3i:<\/p>\n<ul>\n<li>Dokument\u00e1ci\u00f3kezel\u00e9s\n<ul>\n<li>Gy\u00e1rt\u00e1si utas\u00edt\u00e1sok<\/li>\n<li>Min\u0151s\u00e9gbiztos\u00edt\u00e1s, min\u0151s\u00e9gi tan\u00fas\u00edtv\u00e1ny<\/li>\n<li>Reklam\u00e1ci\u00f3kezel\u00e9s<\/li>\n<li>Int\u00e9zked\u00e9sek<\/li>\n<li>Teljesk\u00f6r\u0171 dokument\u00e1ci\u00f3kezel\u00e9s<\/li>\n<\/ul>\n<\/li>\n<li>Gy\u00e1rt\u00f3sorok \u00e9s munka\u00e1llom\u00e1sok defini\u00e1l\u00e1sa\n<ul>\n<li>Munkacsoportok defini\u00e1l\u00e1sa<\/li>\n<\/ul>\n<\/li>\n<li>Gy\u00e1rt\u00e1si feladatok defini\u00e1l\u00e1sa<\/li>\n<li>Gy\u00e1rt\u00e1s ind\u00edt\u00e1s, sz\u00fcneteltet\u00e9s, z\u00e1r\u00e1s, rework, \u00e1t\u00e1ll\u00e1si id\u0151 kezel\u00e9s<\/li>\n<li>Munka\u00e1llom\u00e1s konzol \u2013 gy\u00e1rt\u00e1si utas\u00edt\u00e1s, teljes\u00edtm\u00e9nym\u00e9r\u00e9s, hibakezel\u00e9s<\/li>\n<li>Sorvezet\u0151i modul<\/li>\n<li>Sorv\u00e9gi konzol<\/li>\n<li>\u00dczemi konzol<\/li>\n<li>Vezet\u0151i inform\u00e1ci\u00f3s rendszer<\/li>\n<li>Reporting modul<\/li>\n<li>Integr\u00e1ci\u00f3 ERP rendszerekkel<\/li>\n<li>Opcion\u00e1lis modulok\n<ul>\n<li>G\u00e9pteljes\u00edtm\u00e9ny, \u00e1ramfelv\u00e9tel m\u00e9r\u00e9se<\/li>\n<li>M\u00e9r\u0151berendez\u00e9s vez\u00e9rl\u00e9s<\/li>\n<li>Mobil eszk\u00f6z\u00f6k alkalmaz\u00e1sa<\/li>\n<li>C\u00edmkenyomtat\u00e1s<\/li>\n<li>RFID alkalmaz\u00e1sa<\/li>\n<\/ul>\n<\/li>\n<\/ul>\n<p>&nbsp;<\/p>\n<h2><a href=\"https:\/\/regmes.hu\">L\u00e1togasson el REG-MES oldalunkra!<\/a><\/h2>\n","protected":false},"excerpt":{"rendered":"<p>Gy\u00e1rt\u00f3sori MES rendszer\u00fcnk a gy\u00e1rt\u00e1si dokument\u00e1ci\u00f3 kezel\u00e9s\u00e9t\u0151l kezdve a termel\u00e9si rendel\u00e9sek kezel\u00e9s\u00e9n \u00e1t, a teljes gy\u00e1rt\u00e1si folyamat menedzsel\u00e9s\u00e9t elv\u00e9gzi. A munkautas\u00edt\u00e1sok alapj\u00e1n, figyelembe v\u00e9ve a val\u00f3s \u00e9s az elm\u00e9leti takt-time-okat, kalkul\u00e1lja a folyamat id\u0151beni el\u0151rehalad\u00e1s\u00e1t \u00e9s \u00f6sszeveti a tervezettel. Az adatokat vizu\u00e1lisan megjelen\u00edti a sorok v\u00e9g\u00e9n tal\u00e1lhat\u00f3 nagym\u00e9ret\u0171 monitorokon \u00e9s aa vezet\u0151i inform\u00e1ci\u00f3s rendszerben. A sorvezet\u0151 real-time \u00e9rtes\u00fcl az esetleges hibajelent\u00e9sekr\u0151l, fennakad\u00e1sokr\u00f3l, mleyet saj\u00e1t eszk\u00f6z\u00f6n kezelni is tud. Minden munka\u00e1llom\u00e1son egy-egy \u00e9rint\u0151k\u00e9perny\u0151s konzol mutatja meg a gy\u00e1rt\u00e1si utas\u00edt\u00e1st \u00e9s teszi&hellip;<\/p>\n","protected":false},"author":1,"featured_media":3615,"parent":0,"menu_order":0,"comment_status":"closed","ping_status":"closed","template":"","meta":{"footnotes":""},"class_list":["post-3585","page","type-page","status-publish","has-post-thumbnail","hentry","post-has-thumbnail"],"_links":{"self":[{"href":"https:\/\/regerp.hu\/index.php?rest_route=\/wp\/v2\/pages\/3585","targetHints":{"allow":["GET"]}}],"collection":[{"href":"https:\/\/regerp.hu\/index.php?rest_route=\/wp\/v2\/pages"}],"about":[{"href":"https:\/\/regerp.hu\/index.php?rest_route=\/wp\/v2\/types\/page"}],"author":[{"embeddable":true,"href":"https:\/\/regerp.hu\/index.php?rest_route=\/wp\/v2\/users\/1"}],"replies":[{"embeddable":true,"href":"https:\/\/regerp.hu\/index.php?rest_route=%2Fwp%2Fv2%2Fcomments&post=3585"}],"version-history":[{"count":1,"href":"https:\/\/regerp.hu\/index.php?rest_route=\/wp\/v2\/pages\/3585\/revisions"}],"predecessor-version":[{"id":3586,"href":"https:\/\/regerp.hu\/index.php?rest_route=\/wp\/v2\/pages\/3585\/revisions\/3586"}],"wp:featuredmedia":[{"embeddable":true,"href":"https:\/\/regerp.hu\/index.php?rest_route=\/wp\/v2\/media\/3615"}],"wp:attachment":[{"href":"https:\/\/regerp.hu\/index.php?rest_route=%2Fwp%2Fv2%2Fmedia&parent=3585"}],"curies":[{"name":"wp","href":"https:\/\/api.w.org\/{rel}","templated":true}]}}