{"id":3555,"date":"2024-01-17T13:33:50","date_gmt":"2024-01-17T13:33:50","guid":{"rendered":"https:\/\/regerp.hu\/?page_id=3555"},"modified":"2024-01-17T15:30:00","modified_gmt":"2024-01-17T15:30:00","slug":"az-erp-rendszerekrol","status":"publish","type":"page","link":"https:\/\/regerp.hu\/?page_id=3555","title":{"rendered":"Az ERP rendszerekr\u0151l"},"content":{"rendered":"<p>Az <em><strong>Enterprise Resource Planning &#8211; ERP<\/strong><\/em>\u00a0v\u00e1llalatir\u00e1ny\u00edt\u00e1si rendszer \u00a0egy integr\u00e1lt szoftverrendszer, amelyet v\u00e1llalatok haszn\u00e1lnak a k\u00fcl\u00f6nb\u00f6z\u0151 \u00fczleti folyamatok \u00e9s tev\u00e9kenys\u00e9gek optimaliz\u00e1l\u00e1s\u00e1ra, automatiz\u00e1l\u00e1s\u00e1ra \u00e9s egys\u00e9ges\u00edt\u00e9s\u00e9re. Az ERP rendszerek \u00e1tfog\u00f3 megold\u00e1st k\u00edn\u00e1lnak a v\u00e1llalkoz\u00e1soknak, lehet\u0151v\u00e9 t\u00e9ve a szervezet sz\u00e1m\u00e1ra, hogy hat\u00e9konyan kezelje a p\u00e9nz\u00fcgyeket, az emberi er\u0151forr\u00e1sokat, az \u00e9rt\u00e9kes\u00edt\u00e9st, a beszerz\u00e9st, a gy\u00e1rt\u00e1st \u00e9s egy\u00e9b \u00fczleti folyamatokat.<\/p>\n<p>Az ERP rendszerek \u00e1ltal\u00e1ban egy k\u00f6zponti adatb\u00e1zissal rendelkeznek, amely az \u00f6sszes r\u00e9szleg \u00e9s \u00fczleti funkci\u00f3 sz\u00e1m\u00e1ra hozz\u00e1f\u00e9rhet\u0151. Ennek k\u00f6sz\u00f6nhet\u0151en az inform\u00e1ci\u00f3k egyetlen forr\u00e1sb\u00f3l sz\u00e1rmaznak, ami seg\u00edt elker\u00fclni a redundanci\u00e1t \u00e9s a hib\u00e1kat. Az ERP rendszerekbe integr\u00e1lhat\u00f3k olyan modulok, mint az \u00fcgyf\u00e9lkezel\u00e9s (CRM), a p\u00e9nz\u00fcgyi k\u00f6nyvel\u00e9s, a k\u00e9szletkezel\u00e9s, a beszerz\u00e9s, a gy\u00e1rt\u00e1s, az \u00e9rt\u00e9kes\u00edt\u00e9s \u00e9s az emberi er\u0151forr\u00e1sok.<\/p>\n<p>Az ERP rendszerek bevezet\u00e9se \u00e1ltal\u00e1ban nagyobb v\u00e1llalatokra \u00f6sszpontos\u00edt, de kisebb v\u00e1llalkoz\u00e1sok is haszn\u00e1lhatj\u00e1k \u0151ket az \u00fczleti folyamatok hat\u00e9konyabb\u00e1 t\u00e9tel\u00e9re \u00e9s az inform\u00e1ci\u00f3\u00e1raml\u00e1s jav\u00edt\u00e1s\u00e1ra. A rendszerek seg\u00edtenek az \u00fczleti d\u00f6nt\u00e9sek meghozatal\u00e1ban, a termel\u00e9kenys\u00e9g n\u00f6vel\u00e9s\u00e9ben, valamint a v\u00e1llalati er\u0151forr\u00e1sok hat\u00e9konyabb kihaszn\u00e1l\u00e1s\u00e1ban.<\/p>\n<p>A v\u00e1llalatir\u00e1ny\u00edt\u00e1si rendszerek (ERP) bevezet\u00e9se sz\u00e1mos el\u0151nnyel j\u00e1rhat a v\u00e1llalatok sz\u00e1m\u00e1ra:<\/p>\n<p><em><strong>Integr\u00e1lt \u00fczleti folyamatok:<\/strong> <\/em>Az ERP-rendszerek \u00f6sszefognak k\u00fcl\u00f6nb\u00f6z\u0151 \u00fczleti folyamatokat, p\u00e9ld\u00e1ul p\u00e9nz\u00fcgy, k\u00e9szletkezel\u00e9s, gy\u00e1rt\u00e1s, \u00e9rt\u00e9kes\u00edt\u00e9s \u00e9s emberi er\u0151forr\u00e1sok. Ennek eredm\u00e9nyek\u00e9nt az inform\u00e1ci\u00f3k k\u00f6nnyen \u00e1ramolnak a szervezetben, \u00e9s elker\u00fclhet\u0151 a redundancia \u00e9s az adatinkonzisztencia.<\/p>\n<p><em><strong>Hat\u00e9konys\u00e1g \u00e9s termel\u00e9kenys\u00e9g n\u00f6vel\u00e9se:<\/strong><\/em> A rendszerek automatiz\u00e1lj\u00e1k \u00e9s optimaliz\u00e1lj\u00e1k a k\u00fcl\u00f6nb\u00f6z\u0151 \u00fczleti folyamatokat, ami seg\u00edt cs\u00f6kkenteni a k\u00e9zi munk\u00e1t, n\u00f6veli a hat\u00e9konys\u00e1got \u00e9s termel\u00e9kenys\u00e9get.<\/p>\n<p><em><strong>Pontosabb d\u00f6nt\u00e9shozatal:<\/strong><\/em> Val\u00f3s idej\u0171 adatokat biztos\u00edtanak a v\u00e1llalat teljes terjedelm\u00e9re, \u00edgy a vezet\u0151k gyorsabban \u00e9s pontosabban tudnak d\u00f6nt\u00e9seket hozni.<\/p>\n<p><em><strong>Jobb \u00fcgyf\u00e9l\u00e9lm\u00e9ny:<\/strong><\/em> Seg\u00edthetnek a jobb \u00fcgyf\u00e9l\u00e9lm\u00e9ny el\u00e9r\u00e9s\u00e9ben, k\u00fcl\u00f6nf\u00e9le ter\u00fcleteken, bele\u00e9rtve az \u00e9rt\u00e9kes\u00edt\u00e9st \u00e9s a vev\u0151szolg\u00e1latot. Az \u00fcgyf\u00e9lkezel\u00e9s (CRM) modulok r\u00e9v\u00e9n a v\u00e1llalatok hat\u00e9konyabban kezelhetik az \u00fcgyf\u00e9ladatokat \u00e9s kommunik\u00e1ci\u00f3t.<\/p>\n<p><em><strong>K\u00e9szletszintek optimaliz\u00e1l\u00e1sa:<\/strong><\/em> Az ERP-rendszerek lehet\u0151v\u00e9 teszik a v\u00e1llalatok sz\u00e1m\u00e1ra, hogy pontosan nyomon k\u00f6vess\u00e9k a k\u00e9szleteiket, \u00e9s optimaliz\u00e1lj\u00e1k azokat, elker\u00fclve a felesleges k\u00e9szletez\u00e9st vagy a k\u00e9szlet hi\u00e1ny\u00e1t.<\/p>\n<p><em><strong>Jobb p\u00e9nz\u00fcgyi ellen\u0151rz\u00e9s:<\/strong><\/em> Az ERP-rendszerek seg\u00edtenek a p\u00e9nz\u00fcgyi folyamatok szorosabb ellen\u0151rz\u00e9s\u00e9ben, bele\u00e9rtve a k\u00f6nyvel\u00e9st, a sz\u00e1ml\u00e1z\u00e1st \u00e9s a k\u00f6lts\u00e9gvet\u00e9si tervez\u00e9st.<\/p>\n<p><em><strong>\u00c1tl\u00e1that\u00f3s\u00e1g \u00e9s megb\u00edzhat\u00f3s\u00e1g:<\/strong><\/em> Az ERP-rendszerek r\u00e9v\u00e9n a v\u00e1llalatok nagyobb \u00e1tl\u00e1that\u00f3s\u00e1got \u00e9rhetnek el az \u00fczleti folyamataikban, \u00e9s megb\u00edzhat\u00f3bb adatokhoz f\u00e9rhetnek hozz\u00e1.<\/p>\n<p>Fontos azonban megjegyezni, hogy az ERP-bevezet\u00e9s jelent\u0151s beruh\u00e1z\u00e1st \u00e9s szervezeti v\u00e1ltoz\u00e1st ig\u00e9nyelhet. Az egyes v\u00e1llalatoknak gondosan meg kell tervezni\u00fck \u00e9s v\u00e9grehajtaniuk a bevezet\u00e9si folyamatot, hogy teljes m\u00e9rt\u00e9kben kihaszn\u00e1lj\u00e1k az ERP-rendszerek el\u0151nyeit.<\/p>\n","protected":false},"excerpt":{"rendered":"<p>Az Enterprise Resource Planning &#8211; ERP\u00a0v\u00e1llalatir\u00e1ny\u00edt\u00e1si rendszer \u00a0egy integr\u00e1lt szoftverrendszer, amelyet v\u00e1llalatok haszn\u00e1lnak a k\u00fcl\u00f6nb\u00f6z\u0151 \u00fczleti folyamatok \u00e9s tev\u00e9kenys\u00e9gek optimaliz\u00e1l\u00e1s\u00e1ra, automatiz\u00e1l\u00e1s\u00e1ra \u00e9s egys\u00e9ges\u00edt\u00e9s\u00e9re. Az ERP rendszerek \u00e1tfog\u00f3 megold\u00e1st k\u00edn\u00e1lnak a v\u00e1llalkoz\u00e1soknak, lehet\u0151v\u00e9 t\u00e9ve a szervezet sz\u00e1m\u00e1ra, hogy hat\u00e9konyan kezelje a p\u00e9nz\u00fcgyeket, az emberi er\u0151forr\u00e1sokat, az \u00e9rt\u00e9kes\u00edt\u00e9st, a beszerz\u00e9st, a gy\u00e1rt\u00e1st \u00e9s egy\u00e9b \u00fczleti folyamatokat. Az ERP rendszerek \u00e1ltal\u00e1ban egy k\u00f6zponti adatb\u00e1zissal rendelkeznek, amely az \u00f6sszes r\u00e9szleg \u00e9s \u00fczleti funkci\u00f3 sz\u00e1m\u00e1ra hozz\u00e1f\u00e9rhet\u0151. Ennek k\u00f6sz\u00f6nhet\u0151en az inform\u00e1ci\u00f3k egyetlen forr\u00e1sb\u00f3l sz\u00e1rmaznak, ami seg\u00edt&hellip;<\/p>\n","protected":false},"author":1,"featured_media":3615,"parent":0,"menu_order":0,"comment_status":"closed","ping_status":"closed","template":"","meta":{"footnotes":""},"class_list":["post-3555","page","type-page","status-publish","has-post-thumbnail","hentry","post-has-thumbnail"],"_links":{"self":[{"href":"https:\/\/regerp.hu\/index.php?rest_route=\/wp\/v2\/pages\/3555","targetHints":{"allow":["GET"]}}],"collection":[{"href":"https:\/\/regerp.hu\/index.php?rest_route=\/wp\/v2\/pages"}],"about":[{"href":"https:\/\/regerp.hu\/index.php?rest_route=\/wp\/v2\/types\/page"}],"author":[{"embeddable":true,"href":"https:\/\/regerp.hu\/index.php?rest_route=\/wp\/v2\/users\/1"}],"replies":[{"embeddable":true,"href":"https:\/\/regerp.hu\/index.php?rest_route=%2Fwp%2Fv2%2Fcomments&post=3555"}],"version-history":[{"count":3,"href":"https:\/\/regerp.hu\/index.php?rest_route=\/wp\/v2\/pages\/3555\/revisions"}],"predecessor-version":[{"id":3583,"href":"https:\/\/regerp.hu\/index.php?rest_route=\/wp\/v2\/pages\/3555\/revisions\/3583"}],"wp:featuredmedia":[{"embeddable":true,"href":"https:\/\/regerp.hu\/index.php?rest_route=\/wp\/v2\/media\/3615"}],"wp:attachment":[{"href":"https:\/\/regerp.hu\/index.php?rest_route=%2Fwp%2Fv2%2Fmedia&parent=3555"}],"curies":[{"name":"wp","href":"https:\/\/api.w.org\/{rel}","templated":true}]}}